{"id":3774,"date":"2024-01-31T13:29:45","date_gmt":"2024-01-31T12:29:45","guid":{"rendered":"https:\/\/neva-veletrh.profi.ci\/zip-110-150\/"},"modified":"2024-02-13T15:59:51","modified_gmt":"2024-02-13T14:59:51","slug":"zip-110-150","status":"publish","type":"page","link":"https:\/\/rt2024.neva.eu\/en\/products\/zip-110-150\/","title":{"rendered":"Zip 110\/150"},"content":{"rendered":"        <div id=\"component-3b426237073c9e3ee4e047a27c86f955\" class=\"component component-page-header mt-7 my-5 my-lg-7 my-xxl-9\">\n          <div class=\"container-xl\">\n              <div class=\"row\">\n    <div class=\"col-xxl-10\" data-aos=\"fade-up\">\n              <h1 class=\"mt-0\">ZIP 110\/150<\/h1>\n          <\/div>\n  <\/div>\n  <div class=\"row g-0 justify-content-lg-end\">\n    <div class=\"col-lg-10 col-xxl-7\" data-aos=\"fade-up\">\n      <div class=\"text-lg\"><p>Modern, elegant and suitable for shading single-family houses, pergolas, large glazed areas and HS portals. The screens are made from proven fabrics from France and Belgium, have a&nbsp;high wind resistance and have a&nbsp;maximum width of 6. We offer 21 colours as a&nbsp;standard + dozens of other tailor-made colour combinations.<\/p>\n<\/div>\n    <\/div>\n    <div class=\"col-lg-1\"><\/div>\n  <\/div>\n          <\/div>\n      <\/div>\n\n\n        <div id=\"component-dfdfd404e590b5e506231ec7d2027e26\" class=\"component component-video\">\n          <div class=\"container-xl\">\n              <div data-aos=\"fade-up\">\n                <div class=\"gallery-item\">\n                                <a href=\"https:\/\/www.youtube.com\/watch?v=qaO8r3_w9uE\" class=\"d-inline-block js-lightbox video-icon\">\n              <picture>\n              <img decoding=\"async\" src=\"https:\/\/img.youtube.com\/vi\/qaO8r3_w9uE\/maxresdefault.jpg\" type=\"image\/jpeg\" alt=\"\" loading=\"lazy\" class=\"img-fluid gallery-image\">\n    <\/picture>\n      <\/a>\n\n      <\/div>\n      <\/div>\n          <\/div>\n      <\/div>\n\n\n        <div id=\"component-8ed653342a9532e332f1b67ebd9805b0\" class=\"component component-product-list section my-5 my-lg-7 my-xxl-9 product-tiles-wrapper\">\n          <div class=\"container-xl\">\n                        <div class=\"row gx-3 gy-3 product-tiles\">\n          <div class=\"col-md-6\">\n                <div class=\"component component-product-teaser\">\n            <div class=\"product-tile product-tile--has-hover-img\">\n  <div class=\"product-tile__inner\">\n          <p class=\"product-tile__subtitle\">\n        Textile screens\n      <\/p>\n              <h3 class=\"product-tile__title\">\n        Z110\n      <\/h3>\n              <div class=\"product-tile__text\">\n        <ul>\n<li>Stylish, quiet and durable<\/li>\n<li>Installation under fa\u00e7ade<\/li>\n<li>Ideal for pergolas<\/li>\n<li>Top box width of 110&nbsp;mm<\/li>\n<\/ul>\n\n      <\/div>\n      <\/div>\n    <div class=\"product-tile__img\">\n                      <picture>\n                      <source srcset=\"https:\/\/rt2024.neva.eu\/wp-content\/cache\/image\/neva-latkove-rolety-zipscreen-zip110-dlazdice-1-1-330x350-c-center.webp\" type=\"image\/webp\" width=\"330\" height=\"350\">\n            <source srcset=\"https:\/\/rt2024.neva.eu\/wp-content\/cache\/image\/neva-latkove-rolety-zipscreen-zip110-dlazdice-1-1-330x350-c-center.jpg\" type=\"image\/jpeg\" width=\"330\" height=\"350\">\n                <img decoding=\"async\" src=\"https:\/\/rt2024.neva.eu\/wp-content\/uploads\/neva-latkove-rolety-zipscreen-zip110-dlazdice-1-1.jpg\" type=\"image\/jpeg\" width=\"660\" height=\"700\" alt=\"\" loading=\"lazy\" class=\"img-fluid img-default\">\n        <\/picture>\n\n                            <picture>\n                      <source srcset=\"https:\/\/rt2024.neva.eu\/wp-content\/cache\/image\/neva-latkove-rolety-zipscreen-zip110-dlazdice-2-330x350-c-center.webp\" type=\"image\/webp\" width=\"330\" height=\"350\">\n            <source srcset=\"https:\/\/rt2024.neva.eu\/wp-content\/cache\/image\/neva-latkove-rolety-zipscreen-zip110-dlazdice-2-330x350-c-center.jpg\" type=\"image\/jpeg\" width=\"330\" height=\"350\">\n                <img decoding=\"async\" src=\"https:\/\/rt2024.neva.eu\/wp-content\/uploads\/neva-latkove-rolety-zipscreen-zip110-dlazdice-2.jpg\" type=\"image\/jpeg\" width=\"660\" height=\"700\" alt=\"\" loading=\"lazy\" class=\"img-fluid img-hover\">\n        <\/picture>\n\n          <\/div>\n<\/div>\n      <\/div>\n\n      <\/div>\n          <div class=\"col-md-6\">\n                <div class=\"component component-product-teaser\">\n            <div class=\"product-tile product-tile--has-hover-img\">\n  <div class=\"product-tile__inner\">\n          <p class=\"product-tile__subtitle\">\n        Textile screens\n      <\/p>\n              <h3 class=\"product-tile__title\">\n        ZIP150\n      <\/h3>\n              <div class=\"product-tile__text\">\n        <ul>\n<li>Stylish, quiet and durable<\/li>\n<li>Installation under fa\u00e7ade<\/li>\n<li>Maximum width of 6&nbsp;m<\/li>\n<li>Top box width of 150&nbsp;mm<\/li>\n<\/ul>\n\n      <\/div>\n      <\/div>\n    <div class=\"product-tile__img\">\n                      <picture>\n                      <source srcset=\"https:\/\/rt2024.neva.eu\/wp-content\/cache\/image\/neva-latkove-rolety-zipscreen-zip150-dlazdice-1-1-330x350-c-center.webp\" type=\"image\/webp\" width=\"330\" height=\"350\">\n            <source srcset=\"https:\/\/rt2024.neva.eu\/wp-content\/cache\/image\/neva-latkove-rolety-zipscreen-zip150-dlazdice-1-1-330x350-c-center.jpg\" type=\"image\/jpeg\" width=\"330\" height=\"350\">\n                <img decoding=\"async\" src=\"https:\/\/rt2024.neva.eu\/wp-content\/uploads\/neva-latkove-rolety-zipscreen-zip150-dlazdice-1-1.jpg\" type=\"image\/jpeg\" width=\"660\" height=\"700\" alt=\"\" loading=\"lazy\" class=\"img-fluid img-default\">\n        <\/picture>\n\n                            <picture>\n                      <source srcset=\"https:\/\/rt2024.neva.eu\/wp-content\/cache\/image\/neva-latkove-rolety-zipscreen-zip150-dlazdice-2-330x350-c-center.webp\" type=\"image\/webp\" width=\"330\" height=\"350\">\n            <source srcset=\"https:\/\/rt2024.neva.eu\/wp-content\/cache\/image\/neva-latkove-rolety-zipscreen-zip150-dlazdice-2-330x350-c-center.jpg\" type=\"image\/jpeg\" width=\"330\" height=\"350\">\n                <img decoding=\"async\" src=\"https:\/\/rt2024.neva.eu\/wp-content\/uploads\/neva-latkove-rolety-zipscreen-zip150-dlazdice-2.jpg\" type=\"image\/jpeg\" width=\"660\" height=\"700\" alt=\"\" loading=\"lazy\" class=\"img-fluid img-hover\">\n        <\/picture>\n\n          <\/div>\n<\/div>\n      <\/div>\n\n      <\/div>\n      <\/div>\n          <\/div>\n      <\/div>\n\n\n        <div id=\"component-5d465cc7cf9ea69cff2d01bd44481fce\" class=\"component component-download-list my-5 my-lg-7 my-xxl-9\">\n          <div class=\"container-xl\">\n                      <div class=\"component component-heading mb-5 mb-lg-6\">\n                  <div class=\"row\">\n      <div class=\"col-lg-9\" data-aos=\"fade-up\">\n        <h2 class=\"mt-0 mb-0\">Downloads<\/h2>\n      <\/div>\n    <\/div>\n          <\/div>\n          <div class=\"mb-5 mb-lg-7\">\n    <hr class=\"my-0\">\n          <div data-aos=\"fade-up\">\n        <a href=\"https:\/\/rt2024.neva.eu\/wp-content\/uploads\/zipscreen-product-sheet.pdf\" download=\"Zipscreen_\u200bProduct sheet\" class=\"career-item border-bottom\">\n          <div class=\"career-item-bg\"><\/div>\n          <div class=\"career-item-content d-flex align-items-center justify-content-between py-4\">\n            <div class=\"d-md-flex align-items-center\">\n                              <span class=\"career-item-category text-xs mr-3\">pdf<\/span>\n                                            <h3 class=\"h4 my-0\">Zipscreen_\u200bProduct sheet<\/h3>\n                          <\/div>\n                  <span class=\"svg svg-download\">\n    <svg xmlns=\"http:\/\/www.w3.org\/2000\/svg\" width=\"24\" height=\"24\" fill=\"none\" viewBox=\"0 0 24 24\" stroke-width=\"1.5\" stroke=\"currentColor\">\n  <path stroke-linecap=\"round\" stroke-linejoin=\"round\" d=\"M3 16.5v2.25A2.25 2.25 0 0 0 5.25 21h13.5A2.25 2.25 0 0 0 21 18.75V16.5M16.5 12 12 16.5m0 0L7.5 12m4.5 4.5V3\" \/>\n<\/svg>\n  <\/span>\n\n          <\/div>\n        <\/a>\n      <\/div>\n          <div data-aos=\"fade-up\">\n        <a href=\"https:\/\/rt2024.neva.eu\/wp-content\/uploads\/zipscreen-declaration-of-conformity.pdf\" download=\"Zipscreen_\u200bDeclaration of conformity\" class=\"career-item border-bottom\">\n          <div class=\"career-item-bg\"><\/div>\n          <div class=\"career-item-content d-flex align-items-center justify-content-between py-4\">\n            <div class=\"d-md-flex align-items-center\">\n                              <span class=\"career-item-category text-xs mr-3\">pdf<\/span>\n                                            <h3 class=\"h4 my-0\">Zipscreen_\u200bDeclaration of conformity<\/h3>\n                          <\/div>\n                  <span class=\"svg svg-download\">\n    <svg xmlns=\"http:\/\/www.w3.org\/2000\/svg\" width=\"24\" height=\"24\" fill=\"none\" viewBox=\"0 0 24 24\" stroke-width=\"1.5\" stroke=\"currentColor\">\n  <path stroke-linecap=\"round\" stroke-linejoin=\"round\" d=\"M3 16.5v2.25A2.25 2.25 0 0 0 5.25 21h13.5A2.25 2.25 0 0 0 21 18.75V16.5M16.5 12 12 16.5m0 0L7.5 12m4.5 4.5V3\" \/>\n<\/svg>\n  <\/span>\n\n          <\/div>\n        <\/a>\n      <\/div>\n          <div data-aos=\"fade-up\">\n        <a href=\"https:\/\/rt2024.neva.eu\/wp-content\/uploads\/zipscreen-zip110-declaration-of-properties.pdf\" download=\"Zipscreen_\u200bZIP110_\u200bDeclaration of properties\" class=\"career-item border-bottom\">\n          <div class=\"career-item-bg\"><\/div>\n          <div class=\"career-item-content d-flex align-items-center justify-content-between py-4\">\n            <div class=\"d-md-flex align-items-center\">\n                              <span class=\"career-item-category text-xs mr-3\">pdf<\/span>\n                                            <h3 class=\"h4 my-0\">Zipscreen_\u200bZIP110_\u200bDeclaration of properties<\/h3>\n                          <\/div>\n                  <span class=\"svg svg-download\">\n    <svg xmlns=\"http:\/\/www.w3.org\/2000\/svg\" width=\"24\" height=\"24\" fill=\"none\" viewBox=\"0 0 24 24\" stroke-width=\"1.5\" stroke=\"currentColor\">\n  <path stroke-linecap=\"round\" stroke-linejoin=\"round\" d=\"M3 16.5v2.25A2.25 2.25 0 0 0 5.25 21h13.5A2.25 2.25 0 0 0 21 18.75V16.5M16.5 12 12 16.5m0 0L7.5 12m4.5 4.5V3\" \/>\n<\/svg>\n  <\/span>\n\n          <\/div>\n        <\/a>\n      <\/div>\n          <div data-aos=\"fade-up\">\n        <a href=\"https:\/\/rt2024.neva.eu\/wp-content\/uploads\/zipscreen-zip150-declaration-of-properties.pdf\" download=\"Zipscreen_\u200bZIP150_\u200bDeclaration of properties\" class=\"career-item border-bottom\">\n          <div class=\"career-item-bg\"><\/div>\n          <div class=\"career-item-content d-flex align-items-center justify-content-between py-4\">\n            <div class=\"d-md-flex align-items-center\">\n                              <span class=\"career-item-category text-xs mr-3\">pdf<\/span>\n                                            <h3 class=\"h4 my-0\">Zipscreen_\u200bZIP150_\u200bDeclaration of properties<\/h3>\n                          <\/div>\n                  <span class=\"svg svg-download\">\n    <svg xmlns=\"http:\/\/www.w3.org\/2000\/svg\" width=\"24\" height=\"24\" fill=\"none\" viewBox=\"0 0 24 24\" stroke-width=\"1.5\" stroke=\"currentColor\">\n  <path stroke-linecap=\"round\" stroke-linejoin=\"round\" d=\"M3 16.5v2.25A2.25 2.25 0 0 0 5.25 21h13.5A2.25 2.25 0 0 0 21 18.75V16.5M16.5 12 12 16.5m0 0L7.5 12m4.5 4.5V3\" \/>\n<\/svg>\n  <\/span>\n\n          <\/div>\n        <\/a>\n      <\/div>\n      <\/div>\n          <\/div>\n      <\/div>\n\n\n        <div id=\"component-4ab8e46073fe3ecad39d7899909d066f\" class=\"component component-advantage-list my-5 my-lg-7 my-xxl-9\">\n          <div class=\"container-xl\">\n                      <div class=\"component component-heading mb-5 mb-lg-6\">\n                  <div class=\"row\">\n      <div class=\"col-lg-9\" data-aos=\"fade-up\">\n        <h2 class=\"mt-0 mb-0\">Benefits<\/h2>\n      <\/div>\n    <\/div>\n          <\/div>\n          <div class=\"row\">\n    <div class=\"col-lg-6 position-relative mb-6 mb-lg-0\">\n                      <picture class=\"d-block mb-5 mb-md-7 mb-lg-8\">\n                      <source srcset=\"https:\/\/rt2024.neva.eu\/wp-content\/cache\/image\/neva-zipscreen-terasa-840x1000-c-center.webp\" type=\"image\/webp\" width=\"840\" height=\"1000\">\n            <source srcset=\"https:\/\/rt2024.neva.eu\/wp-content\/cache\/image\/neva-zipscreen-terasa-840x1000-c-center.jpg\" type=\"image\/jpeg\" width=\"840\" height=\"1000\">\n                <img decoding=\"async\" src=\"https:\/\/rt2024.neva.eu\/wp-content\/uploads\/neva-zipscreen-terasa.jpg\" type=\"image\/jpeg\" width=\"840\" height=\"1000\" alt=\"\" loading=\"lazy\" class=\"img-fluid advantage-image advantage-image-1 advantage-image-1-js\">\n        <\/picture>\n\n                            <picture class=\"d-block\">\n                      <source srcset=\"https:\/\/rt2024.neva.eu\/wp-content\/cache\/image\/neva-realizace-zipscreen-2-600x560-c-center.webp\" type=\"image\/webp\" width=\"600\" height=\"560\">\n            <source srcset=\"https:\/\/rt2024.neva.eu\/wp-content\/cache\/image\/neva-realizace-zipscreen-2-600x560-c-center.jpg\" type=\"image\/jpeg\" width=\"600\" height=\"560\">\n                <img decoding=\"async\" src=\"https:\/\/rt2024.neva.eu\/wp-content\/uploads\/neva-realizace-zipscreen-2.jpg\" type=\"image\/jpeg\" width=\"600\" height=\"560\" alt=\"\" loading=\"lazy\" class=\"img-fluid advantage-image advantage-image-2 advantage-image-2-js\">\n        <\/picture>\n\n                            <picture class=\"d-flex justify-content-end me-md-5 mt-5 mt-sm-8\">\n                      <source srcset=\"https:\/\/rt2024.neva.eu\/wp-content\/cache\/image\/neva-zipscree-pergola-2-1000x680-c-center.webp\" type=\"image\/webp\" width=\"1000\" height=\"680\">\n            <source srcset=\"https:\/\/rt2024.neva.eu\/wp-content\/cache\/image\/neva-zipscree-pergola-2-1000x680-c-center.jpg\" type=\"image\/jpeg\" width=\"1000\" height=\"680\">\n                <img decoding=\"async\" src=\"https:\/\/rt2024.neva.eu\/wp-content\/uploads\/neva-zipscree-pergola-2.jpg\" type=\"image\/jpeg\" width=\"1000\" height=\"680\" alt=\"\" loading=\"lazy\" class=\"img-fluid advantage-image advantage-image-3 advantage-image-3-js\">\n        <\/picture>\n\n          <\/div>\n    <div class=\"col-lg-6 typography\">\n              <ol class=\"list-numbers ps-0\">\n                      <li class=\"d-block border-top pt-4 pb-4 pb-md-6\" data-aos=\"fade-up\">\n                            <h3 class=\"h4 mt-0\">Completely concealed under rendering<\/h3>\n                                        <\/li>\n                      <li class=\"d-block border-top pt-4 pb-4 pb-md-6\" data-aos=\"fade-up\">\n                            <h3 class=\"h4 mt-0\">Bottom profile concealed in a&nbsp;box<\/h3>\n                                        <\/li>\n                      <li class=\"d-block border-top pt-4 pb-4 pb-md-6\" data-aos=\"fade-up\">\n                            <h3 class=\"h4 mt-0\">No visible weld at the bottom profile<\/h3>\n                                        <\/li>\n                      <li class=\"d-block border-top pt-4 pb-4 pb-md-6\" data-aos=\"fade-up\">\n                            <h3 class=\"h4 mt-0\">No visible bolts<\/h3>\n                                        <\/li>\n                      <li class=\"d-block border-top pt-4 pb-4 pb-md-6\" data-aos=\"fade-up\">\n                            <h3 class=\"h4 mt-0\">Easy servicing (motor or fabric replacement without bolting)<\/h3>\n                                        <\/li>\n                  <\/ol>\n          <\/div>\n  <\/div>\n          <\/div>\n      <\/div>\n\n\n        <div id=\"component-da7bdf042eb7e9660329ad9c1bc0f0bf\" class=\"component component-contact-form py-5 py-lg-7 py-xxl-9 bg-primary\">\n          <div class=\"container-xl\">\n                      <div class=\"component component-heading mb-5 mb-lg-6\">\n                  <div class=\"row\">\n      <div class=\"col-lg-9\" data-aos=\"fade-up\">\n        <h2 class=\"mt-0 mb-0\">I want to make an appointment<\/h2>\n      <\/div>\n    <\/div>\n          <\/div>\n        \n<div class=\"wpcf7 no-js\" id=\"wpcf7-f3821-o1\" lang=\"cs-CZ\" dir=\"ltr\" data-wpcf7-id=\"3821\">\n<div class=\"screen-reader-response\"><p role=\"status\" aria-live=\"polite\" aria-atomic=\"true\"><\/p> <ul><\/ul><\/div>\n<form action=\"\/en\/wp-json\/wp\/v2\/pages\/3774#wpcf7-f3821-o1\" method=\"post\" class=\"wpcf7-form init\" aria-label=\"Kontaktn\u00ed formul\u00e1\u0159\" novalidate=\"novalidate\" data-status=\"init\">\n<fieldset class=\"hidden-fields-container\"><input type=\"hidden\" name=\"_wpcf7\" value=\"3821\" \/><input type=\"hidden\" name=\"_wpcf7_version\" value=\"6.1.5\" \/><input type=\"hidden\" name=\"_wpcf7_locale\" value=\"cs_CZ\" \/><input type=\"hidden\" name=\"_wpcf7_unit_tag\" value=\"wpcf7-f3821-o1\" \/><input type=\"hidden\" name=\"_wpcf7_container_post\" value=\"0\" \/><input type=\"hidden\" name=\"_wpcf7_posted_data_hash\" value=\"\" \/>\n<\/fieldset>\n<div class=\"row justify-content-end text-light\">\n<div class=\"col-12 col-lg-8\">\n<div class=\"row\">\n<div>\n  <div class=\"contact-item form-floating\">\n    <span class=\"wpcf7-form-control-wrap\" data-name=\"userName\"><input size=\"40\" maxlength=\"400\" class=\"wpcf7-form-control wpcf7-text wpcf7-validates-as-required\" aria-required=\"true\" aria-invalid=\"false\" value=\"\" type=\"text\" name=\"userName\" \/><\/span>\n    <label for=\"userName\">Name and surname *<\/label>\n  <\/div>\n<\/div>\n<div>\n  <div class=\"contact-item form-floating\">\n    <span class=\"wpcf7-form-control-wrap\" data-name=\"userCompany\"><input size=\"40\" maxlength=\"400\" class=\"wpcf7-form-control wpcf7-text wpcf7-validates-as-required\" aria-required=\"true\" aria-invalid=\"false\" value=\"\" type=\"text\" name=\"userCompany\" \/><\/span>\n    <label for=\"userCompany\">Company *<\/label>\n  <\/div>\n<\/div>\n<div>\n  <div class=\"contact-item form-floating\">\n    <span class=\"wpcf7-form-control-wrap\" data-name=\"userEmail\"><input size=\"40\" maxlength=\"400\" class=\"wpcf7-form-control wpcf7-email wpcf7-validates-as-required wpcf7-text wpcf7-validates-as-email\" aria-required=\"true\" aria-invalid=\"false\" value=\"\" type=\"email\" name=\"userEmail\" \/><\/span>\n    <label for=\"userEmail\">E-mail address *<\/label>\n  <\/div>\n<\/div>\n<div class=\"col-12 col-lg-6\">\n  <div class=\"contact-item form-floating\">\n    <span class=\"wpcf7-form-control-wrap\" data-name=\"userPhone\"><input size=\"40\" maxlength=\"400\" class=\"wpcf7-form-control wpcf7-tel wpcf7-validates-as-required wpcf7-text wpcf7-validates-as-tel\" aria-required=\"true\" aria-invalid=\"false\" value=\"\" type=\"tel\" name=\"userPhone\" \/><\/span>\n    <label for=\"userPhone\">Phone number *<\/label>\n  <\/div>\n<\/div>\n  <\/div>\n  <div class=\"col-12\">\n<div class=\"contact-item contact-item-message form-floating\">\n    <span class=\"wpcf7-form-control-wrap\" data-name=\"userMessage\"><textarea cols=\"100\" rows=\"3\" maxlength=\"2000\" class=\"wpcf7-form-control wpcf7-textarea wpcf7-validates-as-required\" aria-required=\"true\" aria-invalid=\"false\" name=\"userMessage\"><\/textarea><\/span>\n <label for=\"userMessage\">Your message<\/label>\n  <\/div>\n<\/div>\n\n<div class=\"registration-validation-message\"><div class=\"wpcf7-response-output\" aria-hidden=\"true\"><\/div><\/div>\n<div class='d-xl-flex justify-content-between align-items-center'>\n<\/div>\n\n<div>\n<hr class=\"mb-6 mt-4\" \/>\n<\/div>\n\n<div class='d-xl-flex justify-content-between align-items-center'>\n<p class=\"form-gdpr-text text-sm mb-4 mb-xl-0\">By submitting <a class=\"link-white\" href=\"\/ochrana-osobnich-udaju\" target=\"_blank\">you agree to the processing of your personal data<\/a>. <\/p>\n<div class='btn btn-secondary'>\n<input class=\"wpcf7-form-control wpcf7-submit has-spinner\" type=\"submit\" value=\"Send form\" \/>\n<\/div>\n<\/div>\n<\/div>\n<\/form>\n<\/div>\n\n          <\/div>\n      <\/div>\n","protected":false},"excerpt":{"rendered":"","protected":false},"author":6,"featured_media":3559,"parent":3780,"menu_order":0,"comment_status":"closed","ping_status":"closed","template":"","meta":{"_acf_changed":false,"inline_featured_image":false,"footnotes":""},"class_list":["post-3774","page","type-page","status-publish","has-post-thumbnail","hentry"],"acf":[],"aioseo_notices":[],"_links":{"self":[{"href":"https:\/\/rt2024.neva.eu\/en\/wp-json\/wp\/v2\/pages\/3774","targetHints":{"allow":["GET"]}}],"collection":[{"href":"https:\/\/rt2024.neva.eu\/en\/wp-json\/wp\/v2\/pages"}],"about":[{"href":"https:\/\/rt2024.neva.eu\/en\/wp-json\/wp\/v2\/types\/page"}],"author":[{"embeddable":true,"href":"https:\/\/rt2024.neva.eu\/en\/wp-json\/wp\/v2\/users\/6"}],"replies":[{"embeddable":true,"href":"https:\/\/rt2024.neva.eu\/en\/wp-json\/wp\/v2\/comments?post=3774"}],"version-history":[{"count":5,"href":"https:\/\/rt2024.neva.eu\/en\/wp-json\/wp\/v2\/pages\/3774\/revisions"}],"predecessor-version":[{"id":3990,"href":"https:\/\/rt2024.neva.eu\/en\/wp-json\/wp\/v2\/pages\/3774\/revisions\/3990"}],"up":[{"embeddable":true,"href":"https:\/\/rt2024.neva.eu\/en\/wp-json\/wp\/v2\/pages\/3780"}],"wp:featuredmedia":[{"embeddable":true,"href":"https:\/\/rt2024.neva.eu\/en\/wp-json\/wp\/v2\/media\/3559"}],"wp:attachment":[{"href":"https:\/\/rt2024.neva.eu\/en\/wp-json\/wp\/v2\/media?parent=3774"}],"curies":[{"name":"wp","href":"https:\/\/api.w.org\/{rel}","templated":true}]}}