{"id":3768,"date":"2022-06-08T20:28:25","date_gmt":"2022-06-08T18:28:25","guid":{"rendered":"https:\/\/neva-veletrh.profi.ci\/contact\/"},"modified":"2024-03-07T15:25:02","modified_gmt":"2024-03-07T14:25:02","slug":"contact","status":"publish","type":"page","link":"https:\/\/rt2024.neva.eu\/en\/contact\/","title":{"rendered":"Contact"},"content":{"rendered":"        <div id=\"component-4ed6111346999ebad11f0b2681b0c83a\" class=\"component component-page-header-image mt-7 my-5 my-lg-7 my-xxl-9\">\n          <div class=\"container-xl\">\n            <div class=\"header-grid\">\n      <div class=\"header-title ms-lg-6\">\n      <div data-aos=\"fade-up\">\n                  <h1 class=\"mt-0 mb-0\">The fair is over, but we can still&nbsp;meet<\/h1>\n              <\/div>\n    <\/div>\n        <div class=\"header-image w-100 mt-4 mt-lg-0\">\n      <div class=\"position-relative\">\n        <div class=\"image-wrapper ratio-1x1\">\n                  <picture>\n                      <source srcset=\"https:\/\/rt2024.neva.eu\/wp-content\/cache\/image\/neva-rt-image-kontakt-900x900-c-center.webp\" type=\"image\/webp\" width=\"900\" height=\"900\">\n            <source srcset=\"https:\/\/rt2024.neva.eu\/wp-content\/cache\/image\/neva-rt-image-kontakt-900x900-c-center.jpg\" type=\"image\/jpeg\" width=\"900\" height=\"900\">\n                <img decoding=\"async\" src=\"https:\/\/rt2024.neva.eu\/wp-content\/uploads\/neva-rt-image-kontakt.jpg\" type=\"image\/jpeg\" width=\"900\" height=\"900\" alt=\"\" loading=\"lazy\" class=\"img-fluid\">\n        <\/picture>\n\n        <\/div>\n      <\/div>\n    <\/div>\n        <div class=\"header-perex mt-4 mt-lg-0 ms-lg-6\">\n      <div data-aos=\"fade-up\">\n        <div><div>\n<div>If you are interested in anything or have any questions, let us know. We\u2019ll be happy to call or meet you right&nbsp;away.<\/div>\n<\/div>\n<\/div>\n      <\/div>\n    <\/div>\n  <\/div>\n          <\/div>\n      <\/div>\n\n\n        <div id=\"component-6ce079daff662cf41cd7ca9b432da99b\" class=\"component component-contact-form py-5 py-lg-7 py-xxl-9 bg-primary\">\n          <div class=\"container-xl\">\n                      <div class=\"component component-heading mb-5 mb-lg-6\">\n                  <div class=\"row\">\n      <div class=\"col-lg-9\" data-aos=\"fade-up\">\n        <h2 class=\"mt-0 mb-0\">I want to meet or&nbsp;call<\/h2>\n      <\/div>\n    <\/div>\n          <\/div>\n        \n<div class=\"wpcf7 no-js\" id=\"wpcf7-f3821-o1\" lang=\"cs-CZ\" dir=\"ltr\" data-wpcf7-id=\"3821\">\n<div class=\"screen-reader-response\"><p role=\"status\" aria-live=\"polite\" aria-atomic=\"true\"><\/p> <ul><\/ul><\/div>\n<form action=\"\/en\/wp-json\/wp\/v2\/pages\/3768#wpcf7-f3821-o1\" method=\"post\" class=\"wpcf7-form init\" aria-label=\"Kontaktn\u00ed formul\u00e1\u0159\" novalidate=\"novalidate\" data-status=\"init\">\n<fieldset class=\"hidden-fields-container\"><input type=\"hidden\" name=\"_wpcf7\" value=\"3821\" \/><input type=\"hidden\" name=\"_wpcf7_version\" value=\"6.1.5\" \/><input type=\"hidden\" name=\"_wpcf7_locale\" value=\"cs_CZ\" \/><input type=\"hidden\" name=\"_wpcf7_unit_tag\" value=\"wpcf7-f3821-o1\" \/><input type=\"hidden\" name=\"_wpcf7_container_post\" value=\"0\" \/><input type=\"hidden\" name=\"_wpcf7_posted_data_hash\" value=\"\" \/>\n<\/fieldset>\n<div class=\"row justify-content-end text-light\">\n<div class=\"col-12 col-lg-8\">\n<div class=\"row\">\n<div>\n  <div class=\"contact-item form-floating\">\n    <span class=\"wpcf7-form-control-wrap\" data-name=\"userName\"><input size=\"40\" maxlength=\"400\" class=\"wpcf7-form-control wpcf7-text wpcf7-validates-as-required\" aria-required=\"true\" aria-invalid=\"false\" value=\"\" type=\"text\" name=\"userName\" \/><\/span>\n    <label for=\"userName\">Name and surname *<\/label>\n  <\/div>\n<\/div>\n<div>\n  <div class=\"contact-item form-floating\">\n    <span class=\"wpcf7-form-control-wrap\" data-name=\"userCompany\"><input size=\"40\" maxlength=\"400\" class=\"wpcf7-form-control wpcf7-text wpcf7-validates-as-required\" aria-required=\"true\" aria-invalid=\"false\" value=\"\" type=\"text\" name=\"userCompany\" \/><\/span>\n    <label for=\"userCompany\">Company *<\/label>\n  <\/div>\n<\/div>\n<div>\n  <div class=\"contact-item form-floating\">\n    <span class=\"wpcf7-form-control-wrap\" data-name=\"userEmail\"><input size=\"40\" maxlength=\"400\" class=\"wpcf7-form-control wpcf7-email wpcf7-validates-as-required wpcf7-text wpcf7-validates-as-email\" aria-required=\"true\" aria-invalid=\"false\" value=\"\" type=\"email\" name=\"userEmail\" \/><\/span>\n    <label for=\"userEmail\">E-mail address *<\/label>\n  <\/div>\n<\/div>\n<div class=\"col-12 col-lg-6\">\n  <div class=\"contact-item form-floating\">\n    <span class=\"wpcf7-form-control-wrap\" data-name=\"userPhone\"><input size=\"40\" maxlength=\"400\" class=\"wpcf7-form-control wpcf7-tel wpcf7-validates-as-required wpcf7-text wpcf7-validates-as-tel\" aria-required=\"true\" aria-invalid=\"false\" value=\"\" type=\"tel\" name=\"userPhone\" \/><\/span>\n    <label for=\"userPhone\">Phone number *<\/label>\n  <\/div>\n<\/div>\n  <\/div>\n  <div class=\"col-12\">\n<div class=\"contact-item contact-item-message form-floating\">\n    <span class=\"wpcf7-form-control-wrap\" data-name=\"userMessage\"><textarea cols=\"100\" rows=\"3\" maxlength=\"2000\" class=\"wpcf7-form-control wpcf7-textarea wpcf7-validates-as-required\" aria-required=\"true\" aria-invalid=\"false\" name=\"userMessage\"><\/textarea><\/span>\n <label for=\"userMessage\">Your message<\/label>\n  <\/div>\n<\/div>\n\n<div class=\"registration-validation-message\"><div class=\"wpcf7-response-output\" aria-hidden=\"true\"><\/div><\/div>\n<div class='d-xl-flex justify-content-between align-items-center'>\n<\/div>\n\n<div>\n<hr class=\"mb-6 mt-4\" \/>\n<\/div>\n\n<div class='d-xl-flex justify-content-between align-items-center'>\n<p class=\"form-gdpr-text text-sm mb-4 mb-xl-0\">By submitting <a class=\"link-white\" href=\"\/ochrana-osobnich-udaju\" target=\"_blank\">you agree to the processing of your personal data<\/a>. <\/p>\n<div class='btn btn-secondary'>\n<input class=\"wpcf7-form-control wpcf7-submit has-spinner\" type=\"submit\" value=\"Send form\" \/>\n<\/div>\n<\/div>\n<\/div>\n<\/form>\n<\/div>\n\n          <\/div>\n      <\/div>\n","protected":false},"excerpt":{"rendered":"","protected":false},"author":2,"featured_media":3738,"parent":0,"menu_order":0,"comment_status":"closed","ping_status":"closed","template":"","meta":{"_acf_changed":false,"inline_featured_image":false,"footnotes":""},"class_list":["post-3768","page","type-page","status-publish","has-post-thumbnail","hentry"],"acf":[],"aioseo_notices":[],"_links":{"self":[{"href":"https:\/\/rt2024.neva.eu\/en\/wp-json\/wp\/v2\/pages\/3768","targetHints":{"allow":["GET"]}}],"collection":[{"href":"https:\/\/rt2024.neva.eu\/en\/wp-json\/wp\/v2\/pages"}],"about":[{"href":"https:\/\/rt2024.neva.eu\/en\/wp-json\/wp\/v2\/types\/page"}],"author":[{"embeddable":true,"href":"https:\/\/rt2024.neva.eu\/en\/wp-json\/wp\/v2\/users\/2"}],"replies":[{"embeddable":true,"href":"https:\/\/rt2024.neva.eu\/en\/wp-json\/wp\/v2\/comments?post=3768"}],"version-history":[{"count":5,"href":"https:\/\/rt2024.neva.eu\/en\/wp-json\/wp\/v2\/pages\/3768\/revisions"}],"predecessor-version":[{"id":4256,"href":"https:\/\/rt2024.neva.eu\/en\/wp-json\/wp\/v2\/pages\/3768\/revisions\/4256"}],"wp:featuredmedia":[{"embeddable":true,"href":"https:\/\/rt2024.neva.eu\/en\/wp-json\/wp\/v2\/media\/3738"}],"wp:attachment":[{"href":"https:\/\/rt2024.neva.eu\/en\/wp-json\/wp\/v2\/media?parent=3768"}],"curies":[{"name":"wp","href":"https:\/\/api.w.org\/{rel}","templated":true}]}}