{"id":3764,"date":"2022-08-11T11:25:05","date_gmt":"2022-08-11T09:25:05","guid":{"rendered":"https:\/\/neva-veletrh.profi.ci\/who-we-are\/"},"modified":"2024-03-07T15:42:25","modified_gmt":"2024-03-07T14:42:25","slug":"who-we-are","status":"publish","type":"page","link":"https:\/\/rt2024.neva.eu\/en\/who-we-are\/","title":{"rendered":"Who we are"},"content":{"rendered":"        <div id=\"component-201e5dd28f713c32698d8f954a138c4d\" class=\"component component-page-header mt-7 my-5 my-lg-7 my-xxl-9\">\n          <div class=\"container-xl\">\n              <div class=\"row\">\n    <div class=\"col-xxl-10\" data-aos=\"fade-up\">\n              <h1 class=\"mt-0\">Family company from the region of Olomouc, which produces external shading for the entire world<\/h1>\n          <\/div>\n  <\/div>\n  <div class=\"row g-0 justify-content-lg-end\">\n    <div class=\"col-lg-10 col-xxl-7\" data-aos=\"fade-up\">\n      <div class=\"text-lg\"><p>There are 180 of us, we are located in Kralice na Han\u00e9 near Prost\u011bjov and although we are all different, we share a&nbsp;common goal: to produce external shading that will stand up to the best competition in the&nbsp;world.<\/p>\n<\/div>\n    <\/div>\n    <div class=\"col-lg-1\"><\/div>\n  <\/div>\n          <\/div>\n      <\/div>\n\n\n        <div id=\"component-105bee590d538dc13b3c8a238ac95598\" class=\"component component-about-history my-5 my-lg-7 my-xxl-9\">\n          <div class=\"container-xl\">\n                      <div class=\"component component-heading mb-5 mb-lg-6\">\n                  <div class=\"row\">\n      <div class=\"col-lg-9\" data-aos=\"fade-up\">\n        <h2 class=\"mt-0 mb-0\">We started quietly in 1990. Today, we supply our products to 43 countries around the&nbsp;world<\/h2>\n      <\/div>\n    <\/div>\n          <\/div>\n          <div class=\"row\">\n    <div class=\"col-lg-6 position-relative\">\n                      <picture class=\"d-block about-image-1 mb-8 mb-md-7\">\n                      <source srcset=\"https:\/\/rt2024.neva.eu\/wp-content\/cache\/image\/neva-zakladatele-1100x1100-c-center.webp\" type=\"image\/webp\" width=\"1100\" height=\"1100\">\n            <source srcset=\"https:\/\/rt2024.neva.eu\/wp-content\/cache\/image\/neva-zakladatele-1100x1100-c-center.jpg\" type=\"image\/jpeg\" width=\"1100\" height=\"1100\">\n                <img decoding=\"async\" src=\"https:\/\/rt2024.neva.eu\/wp-content\/uploads\/neva-zakladatele.jpg\" type=\"image\/jpeg\" width=\"1100\" height=\"1100\" alt=\"\" loading=\"lazy\" class=\"img-fluid about-image-1-js\">\n        <\/picture>\n\n                            <picture class=\"d-block about-image-2\">\n                      <source srcset=\"https:\/\/rt2024.neva.eu\/wp-content\/cache\/image\/neva-vyroba-2-640x720-c-center.webp\" type=\"image\/webp\" width=\"640\" height=\"720\">\n            <source srcset=\"https:\/\/rt2024.neva.eu\/wp-content\/cache\/image\/neva-vyroba-2-640x720-c-center.jpg\" type=\"image\/jpeg\" width=\"640\" height=\"720\">\n                <img decoding=\"async\" src=\"https:\/\/rt2024.neva.eu\/wp-content\/uploads\/neva-vyroba-2.jpg\" type=\"image\/jpeg\" width=\"640\" height=\"720\" alt=\"\" loading=\"lazy\" class=\"img-fluid about-image-2-js\">\n        <\/picture>\n\n                            <picture class=\"d-block about-image-3\">\n                      <source srcset=\"https:\/\/rt2024.neva.eu\/wp-content\/cache\/image\/neva-budova-900x700-c-center.webp\" type=\"image\/webp\" width=\"900\" height=\"700\">\n            <source srcset=\"https:\/\/rt2024.neva.eu\/wp-content\/cache\/image\/neva-budova-900x700-c-center.jpg\" type=\"image\/jpeg\" width=\"900\" height=\"700\">\n                <img decoding=\"async\" src=\"https:\/\/rt2024.neva.eu\/wp-content\/uploads\/neva-budova.jpg\" type=\"image\/jpeg\" width=\"900\" height=\"700\" alt=\"\" loading=\"lazy\" class=\"img-fluid about-image-3-js\">\n        <\/picture>\n\n                            <picture class=\"d-block mb-5 my-md-5 my-lg-0 about-image-4\">\n                      <source srcset=\"https:\/\/rt2024.neva.eu\/wp-content\/cache\/image\/neva-vyroba-lakovna-900x700-c-center.webp\" type=\"image\/webp\" width=\"900\" height=\"700\">\n            <source srcset=\"https:\/\/rt2024.neva.eu\/wp-content\/cache\/image\/neva-vyroba-lakovna-900x700-c-center.jpg\" type=\"image\/jpeg\" width=\"900\" height=\"700\">\n                <img decoding=\"async\" src=\"https:\/\/rt2024.neva.eu\/wp-content\/uploads\/neva-vyroba-lakovna.jpg\" type=\"image\/jpeg\" width=\"900\" height=\"700\" alt=\"\" loading=\"lazy\" class=\"img-fluid about-image-4-js\">\n        <\/picture>\n\n          <\/div>\n    <div class=\"col-lg-6 typography\">\n                        <div class=\"d-flex border-top pt-4 pb-4 pb-md-6\" data-aos=\"fade-up\">\n                          <div class=\"about-item-year h4 text-primary m-0\">1990<\/div>\n                        <div class=\"ps-4 ps-sm-5\">\n                              <h3 class=\"h4 mt-0\">Founding<\/h3>\n                                            <div><p>The founders, Messrs Nesvadb\u00edk and Vr\u00e1na, found the the first plant for the production of shading equipment.<\/p>\n<\/div>\n                          <\/div>\n          <\/div>\n                  <div class=\"d-flex border-top pt-4 pb-4 pb-md-6\" data-aos=\"fade-up\">\n                          <div class=\"about-item-year h4 text-primary m-0\">1996<\/div>\n                        <div class=\"ps-4 ps-sm-5\">\n                              <h3 class=\"h4 mt-0\">Product range expansion<\/h3>\n                                            <div><p>We expand our product range with external shading equipment. The demand for external blinds is growing, and therefore, they soon become the main product of production.<\/p>\n<\/div>\n                          <\/div>\n          <\/div>\n                  <div class=\"d-flex border-top pt-4 pb-4 pb-md-6\" data-aos=\"fade-up\">\n                          <div class=\"about-item-year h4 text-primary m-0\">2002<\/div>\n                        <div class=\"ps-4 ps-sm-5\">\n                              <h3 class=\"h4 mt-0\">Expansion<\/h3>\n                                            <div><p>Thanks to the great expansion of trade and production, the owners found \u017dALUZIE NEVA s.r.o.<\/p>\n<\/div>\n                          <\/div>\n          <\/div>\n                  <div class=\"d-flex border-top pt-4 pb-4 pb-md-6\" data-aos=\"fade-up\">\n                          <div class=\"about-item-year h4 text-primary m-0\">2012<\/div>\n                        <div class=\"ps-4 ps-sm-5\">\n                              <h3 class=\"h4 mt-0\">New plant<\/h3>\n                                            <div><p>The company moves to a&nbsp;new plant with a&nbsp;production area of 6,500&nbsp;m\u00b2.<\/p>\n<\/div>\n                          <\/div>\n          <\/div>\n                  <div class=\"d-flex border-top pt-4 pb-4 pb-md-6\" data-aos=\"fade-up\">\n                          <div class=\"about-item-year h4 text-primary m-0\">2014<\/div>\n                        <div class=\"ps-4 ps-sm-5\">\n                              <h3 class=\"h4 mt-0\">Powder coating shop<\/h3>\n                                            <div><p>We are opening our own powder coating shop where we coat not only our blinds but also products of external clients.<\/p>\n<\/div>\n                          <\/div>\n          <\/div>\n                  <div class=\"d-flex border-top pt-4 pb-4 pb-md-6\" data-aos=\"fade-up\">\n                          <div class=\"about-item-year h4 text-primary m-0\">PRESENT<\/div>\n                        <div class=\"ps-4 ps-sm-5\">\n                              <h3 class=\"h4 mt-0\">Global satisfaction<\/h3>\n                                            <div><p>Our blinds protect the homes of satisfied customers all around the&nbsp;world.<\/p>\n<\/div>\n                          <\/div>\n          <\/div>\n                  <\/div>\n  <\/div>\n          <\/div>\n      <\/div>\n\n\n        <div id=\"component-b29d19cefd8eba964117f822356f1503\" class=\"component component-testimonial-list bg-primary text-white py-5 py-lg-7 py-xxl-9\">\n          <div class=\"container-xl\">\n                      <div class=\"component component-heading mb-5 mb-lg-6 text-light\">\n                  <div class=\"row\">\n      <div class=\"col-lg-9\" data-aos=\"fade-up\">\n        <h2 class=\"mt-0 mb-0\">Read the stories of some of our employees<\/h2>\n      <\/div>\n    <\/div>\n          <\/div>\n          <div class=\"row g-0\">\n    <div class=\"col-11 col-sm-10 col-lg-12 col-xl-10\">\n      <div class=\"swiper\" data-aos=\"fade-up\">\n        <div class=\"swiper-wrapper\">\n                      <div class=\"swiper-slide ps-3 pe-4 px-lg-6 border-end\">\n                                    <span class=\"svg svg-base-citation\">\n    <svg viewBox=\"0 0 35 29\" version=\"1.1\" xmlns=\"http:\/\/www.w3.org\/2000\/svg\">\n    <g stroke=\"none\" stroke-width=\"1\" fill=\"none\" fill-rule=\"evenodd\">\n        <g transform=\"translate(-1102.000000, -3348.000000)\" fill=\"#B6B7B7\" fill-rule=\"nonzero\">\n            <g transform=\"translate(1102.000000, 3348.000000)\">\n                <path d=\"M19.9,14.2 L26.5,14.2 L26.5,15.4 C26.5,19.3 24.4,21.3 19.9,21.7 L19.9,28.4 C28.7,28.3 34.4,23.1 34.4,15 L34.4,0 L19.9,0 L19.9,14.2 Z M0,14.2 L6.6,14.2 L6.6,15.4 C6.6,19.3 4.5,21.3 0,21.7 L0,28.4 C8.8,28.3 14.5,23.1 14.5,15 L14.5,0 L0,0 L0,14.2 Z\" id=\"Shape\"><\/path>\n            <\/g>\n        <\/g>\n    <\/g>\n<\/svg>\n  <\/span>\n\n                <div class=\"testimonial-item-perex mt-4 mb-5\">\n                  <p><span style=\"font-weight: 400;\">As a&nbsp;driver in NEVA, I&nbsp;deliver goods according to the given schedule and help with loading in the shipping department. I&nbsp;have been working with the company for a&nbsp;short time, but I&nbsp;like the good atmosphere here. Everyone in my team is nice, including the supervisor.<\/span><\/p>\n\n                <\/div>\n                            <div class=\"d-flex flex-wrap flex-lg-nowrap align-items-center text-light\">\n                                          <picture class=\"testimonial-item-image me-4 mb-2\">\n                      <source srcset=\"https:\/\/rt2024.neva.eu\/wp-content\/cache\/image\/neva-ridic-300x300-c-center.webp\" type=\"image\/webp\" width=\"300\" height=\"300\">\n            <source srcset=\"https:\/\/rt2024.neva.eu\/wp-content\/cache\/image\/neva-ridic-300x300-c-center.jpg\" type=\"image\/jpeg\" width=\"300\" height=\"300\">\n                <img decoding=\"async\" src=\"https:\/\/rt2024.neva.eu\/wp-content\/uploads\/neva-ridic.jpg\" type=\"image\/jpeg\" width=\"300\" height=\"300\" alt=\"\" loading=\"lazy\" class=\"img-fluid\">\n        <\/picture>\n\n                                <div class=\"mb-2\">\n                                      <div class=\"testimonial-item-name h5 my-0\">Sanel Bulic<\/div>\n                                                        <div class=\"\">NEVA car driver<\/div>\n                                  <\/div>\n              <\/div>\n            <\/div>\n                      <div class=\"swiper-slide ps-3 pe-4 px-lg-6 border-end\">\n                                    <span class=\"svg svg-base-citation\">\n    <svg viewBox=\"0 0 35 29\" version=\"1.1\" xmlns=\"http:\/\/www.w3.org\/2000\/svg\">\n    <g stroke=\"none\" stroke-width=\"1\" fill=\"none\" fill-rule=\"evenodd\">\n        <g transform=\"translate(-1102.000000, -3348.000000)\" fill=\"#B6B7B7\" fill-rule=\"nonzero\">\n            <g transform=\"translate(1102.000000, 3348.000000)\">\n                <path d=\"M19.9,14.2 L26.5,14.2 L26.5,15.4 C26.5,19.3 24.4,21.3 19.9,21.7 L19.9,28.4 C28.7,28.3 34.4,23.1 34.4,15 L34.4,0 L19.9,0 L19.9,14.2 Z M0,14.2 L6.6,14.2 L6.6,15.4 C6.6,19.3 4.5,21.3 0,21.7 L0,28.4 C8.8,28.3 14.5,23.1 14.5,15 L14.5,0 L0,0 L0,14.2 Z\" id=\"Shape\"><\/path>\n            <\/g>\n        <\/g>\n    <\/g>\n<\/svg>\n  <\/span>\n\n                <div class=\"testimonial-item-perex mt-4 mb-5\">\n                  <p>The basis of every job satisfaction is perfect communication and perfect teamwork. What I&nbsp;appreciate about NEVA is that we all hang together and try to help each other. As a&nbsp;result, everything works perfectly and you enjoy your&nbsp;work.<\/p>\n\n                <\/div>\n                            <div class=\"d-flex flex-wrap flex-lg-nowrap align-items-center text-light\">\n                                          <picture class=\"testimonial-item-image me-4 mb-2\">\n                      <source srcset=\"https:\/\/rt2024.neva.eu\/wp-content\/cache\/image\/neva-logistik-300x300-c-center.webp\" type=\"image\/webp\" width=\"300\" height=\"300\">\n            <source srcset=\"https:\/\/rt2024.neva.eu\/wp-content\/cache\/image\/neva-logistik-300x300-c-center.jpg\" type=\"image\/jpeg\" width=\"300\" height=\"300\">\n                <img decoding=\"async\" src=\"https:\/\/rt2024.neva.eu\/wp-content\/uploads\/neva-logistik.jpg\" type=\"image\/jpeg\" width=\"300\" height=\"300\" alt=\"\" loading=\"lazy\" class=\"img-fluid\">\n        <\/picture>\n\n                                <div class=\"mb-2\">\n                                      <div class=\"testimonial-item-name h5 my-0\">\u0160\u00e1rka Mat\u011bjov\u00e1<\/div>\n                                                        <div class=\"\">Logistics Coordinator<\/div>\n                                  <\/div>\n              <\/div>\n            <\/div>\n                      <div class=\"swiper-slide ps-3 pe-4 px-lg-6 border-end\">\n                                    <span class=\"svg svg-base-citation\">\n    <svg viewBox=\"0 0 35 29\" version=\"1.1\" xmlns=\"http:\/\/www.w3.org\/2000\/svg\">\n    <g stroke=\"none\" stroke-width=\"1\" fill=\"none\" fill-rule=\"evenodd\">\n        <g transform=\"translate(-1102.000000, -3348.000000)\" fill=\"#B6B7B7\" fill-rule=\"nonzero\">\n            <g transform=\"translate(1102.000000, 3348.000000)\">\n                <path d=\"M19.9,14.2 L26.5,14.2 L26.5,15.4 C26.5,19.3 24.4,21.3 19.9,21.7 L19.9,28.4 C28.7,28.3 34.4,23.1 34.4,15 L34.4,0 L19.9,0 L19.9,14.2 Z M0,14.2 L6.6,14.2 L6.6,15.4 C6.6,19.3 4.5,21.3 0,21.7 L0,28.4 C8.8,28.3 14.5,23.1 14.5,15 L14.5,0 L0,0 L0,14.2 Z\" id=\"Shape\"><\/path>\n            <\/g>\n        <\/g>\n    <\/g>\n<\/svg>\n  <\/span>\n\n                <div class=\"testimonial-item-perex mt-4 mb-5\">\n                  <p><span style=\"font-weight: 400;\">I have been working with \u017daluzie NEVA for 7&nbsp;years and although the company is undergoing constant development, the practical insights have moved me forward in my professional life. I&nbsp;like the attitude of the owners and I&nbsp;am glad to work&nbsp;here.<\/span><\/p>\n\n                <\/div>\n                            <div class=\"d-flex flex-wrap flex-lg-nowrap align-items-center text-light\">\n                                          <picture class=\"testimonial-item-image me-4 mb-2\">\n                      <source srcset=\"https:\/\/rt2024.neva.eu\/wp-content\/cache\/image\/neva-skladnice-j-sychrova-300x300-c-center.webp\" type=\"image\/webp\" width=\"300\" height=\"300\">\n            <source srcset=\"https:\/\/rt2024.neva.eu\/wp-content\/cache\/image\/neva-skladnice-j-sychrova-300x300-c-center.jpg\" type=\"image\/jpeg\" width=\"300\" height=\"300\">\n                <img decoding=\"async\" src=\"https:\/\/rt2024.neva.eu\/wp-content\/uploads\/neva-skladnice-j-sychrova.jpg\" type=\"image\/jpeg\" width=\"300\" height=\"300\" alt=\"\" loading=\"lazy\" class=\"img-fluid\">\n        <\/picture>\n\n                                <div class=\"mb-2\">\n                                      <div class=\"testimonial-item-name h5 my-0\">Jana Sychrov\u00e1<\/div>\n                                                        <div class=\"\">Warehouse Keeper<\/div>\n                                  <\/div>\n              <\/div>\n            <\/div>\n                  <\/div>\n      <\/div>\n    <\/div>\n  <\/div>\n          <\/div>\n      <\/div>\n\n\n        <div id=\"component-e0cadb1e93a57bbf0cde0811cca9797d\" class=\"component component-post-featured my-5 my-lg-7 my-xxl-9\">\n          <div class=\"container-xl\">\n                      <div class=\"component component-heading mb-5 mb-lg-6\">\n                  <div class=\"row\">\n      <div class=\"col-lg-9\" data-aos=\"fade-up\">\n        <h2 class=\"mt-0 mb-0\">Every day we reported the most interesting things, that happened at the&nbsp;fair<\/h2>\n      <\/div>\n    <\/div>\n          <\/div>\n          <div class=\"row gx-md-0 border-top\">\n            <div class=\"col-12 py-3 py-md-5 border-bottom\" data-aos=\"fade-up\">\n                  <div class=\"component component-post-teaser position-relative\">\n              <a href=\"https:\/\/rt2024.neva.eu\/en\/our-impressions-from-rt-2024-in-stuttgart\/\">\n    <div class=\"row gx-lg-6\">\n      <div class=\"col-md-6 col-lg-4 mb-4 mb-md-0\">\n                <picture class=\"post-teaser-image\">\n                      <source srcset=\"https:\/\/rt2024.neva.eu\/wp-content\/cache\/image\/neva-rt2024-veletrh-den-06-900x500-c-center.webp\" type=\"image\/webp\" width=\"900\" height=\"500\">\n            <source srcset=\"https:\/\/rt2024.neva.eu\/wp-content\/cache\/image\/neva-rt2024-veletrh-den-06-900x500-c-center.jpg\" type=\"image\/jpeg\" width=\"900\" height=\"500\">\n                <img decoding=\"async\" src=\"https:\/\/rt2024.neva.eu\/wp-content\/uploads\/neva-rt2024-veletrh-den-06.jpg\" type=\"image\/jpeg\" width=\"900\" height=\"500\" alt=\"\" loading=\"lazy\" class=\"img-fluid\">\n        <\/picture>\n\n      <\/div>\n      <div class=\"col-md-6\">\n        <div class=\"post-teaser-content\">\n                                <h3 class=\"h4 text-primary mt-1\">Our impressions from R+T 2024&nbsp;in Stuttgart<\/h3>\n                                <div class=\"typography\">In the second half of February, the city of Stuttgart in south-west Germany hosted Europe\u2019s largest trade fair for shading technology, R+T. It is held regularly every three years, but the last edition in 2021 was only online due to the Covid pandemic. The expectations were even higher this year\u2009\u2014\u2009was the fair able to meet&nbsp;them?<\/div>\n                  <\/div>\n      <\/div>\n    <\/div>\n  <\/a>\n      <\/div>\n\n        <\/div>\n            <div class=\"col-12 py-3 py-md-5 border-bottom\" data-aos=\"fade-up\">\n                  <div class=\"component component-post-teaser position-relative\">\n              <a href=\"https:\/\/rt2024.neva.eu\/en\/day-5-gradual-arrival-celebrations-and-dismantling-of-the-stand\/\">\n    <div class=\"row gx-lg-6\">\n      <div class=\"col-md-6 col-lg-4 mb-4 mb-md-0\">\n                <picture class=\"post-teaser-image\">\n                      <source srcset=\"https:\/\/rt2024.neva.eu\/wp-content\/cache\/image\/neva-rt2024-veletrh-den-05-900x500-c-center.webp\" type=\"image\/webp\" width=\"900\" height=\"500\">\n            <source srcset=\"https:\/\/rt2024.neva.eu\/wp-content\/cache\/image\/neva-rt2024-veletrh-den-05-900x500-c-center.jpg\" type=\"image\/jpeg\" width=\"900\" height=\"500\">\n                <img decoding=\"async\" src=\"https:\/\/rt2024.neva.eu\/wp-content\/uploads\/neva-rt2024-veletrh-den-05.jpg\" type=\"image\/jpeg\" width=\"900\" height=\"500\" alt=\"\" loading=\"lazy\" class=\"img-fluid\">\n        <\/picture>\n\n      <\/div>\n      <div class=\"col-md-6\">\n        <div class=\"post-teaser-content\">\n                                <h3 class=\"h4 text-primary mt-1\">Day #5: gradual finish, celebrations and dismantling of the&nbsp;stand<\/h3>\n                                <div class=\"typography\">The last day of the R+T fair was quieter as usual. Nevertheless, we made the most of it, greeting some colleagues and business partners again, and some of our team even stayed in Stuttgart until Saturday to sleep in and enjoy a&nbsp;visit to the Porsche Museum.<\/div>\n                  <\/div>\n      <\/div>\n    <\/div>\n  <\/a>\n      <\/div>\n\n        <\/div>\n            <div class=\"col-12 py-3 py-md-5 border-bottom\" data-aos=\"fade-up\">\n                  <div class=\"component component-post-teaser position-relative\">\n              <a href=\"https:\/\/rt2024.neva.eu\/en\/day-4-attendance-remains-high-but-we-still-went-exploring\/\">\n    <div class=\"row gx-lg-6\">\n      <div class=\"col-md-6 col-lg-4 mb-4 mb-md-0\">\n                <picture class=\"post-teaser-image\">\n                      <source srcset=\"https:\/\/rt2024.neva.eu\/wp-content\/cache\/image\/neva-rt2024-veletrh-den-04-900x500-c-center.webp\" type=\"image\/webp\" width=\"900\" height=\"500\">\n            <source srcset=\"https:\/\/rt2024.neva.eu\/wp-content\/cache\/image\/neva-rt2024-veletrh-den-04-900x500-c-center.jpg\" type=\"image\/jpeg\" width=\"900\" height=\"500\">\n                <img decoding=\"async\" src=\"https:\/\/rt2024.neva.eu\/wp-content\/uploads\/neva-rt2024-veletrh-den-04.jpg\" type=\"image\/jpeg\" width=\"900\" height=\"500\" alt=\"\" loading=\"lazy\" class=\"img-fluid\">\n        <\/picture>\n\n      <\/div>\n      <div class=\"col-md-6\">\n        <div class=\"post-teaser-content\">\n                                <h3 class=\"h4 text-primary mt-1\">Day #4: attendance remains high, but we still went exploring<\/h3>\n                                <div class=\"typography\">The second-to-last day of R+T was also marked by very high attendance. Reinforced by new members of the sales and marketing team, this time we were able to leave our stand for a&nbsp;longer period of time and take a&nbsp;good look around the entire exhibition area. So how does it look in Stuttgart this&nbsp;year?<\/div>\n                  <\/div>\n      <\/div>\n    <\/div>\n  <\/a>\n      <\/div>\n\n        <\/div>\n      <\/div>\n      <div class=\"text-end mt-5\" data-aos=\"fade-up\">\n              <a href=\"https:\/\/rt2024.neva.eu\/en\/news\/\" class=\"link link-primary\" target=\"_self\">\n              <span class=\"link-content\">News<\/span>\n        <span class=\"svg svg-base-arrow\">\n    <svg version=\"1.1\" id=\"Vrstva_1\" xmlns=\"http:\/\/www.w3.org\/2000\/svg\" x=\"0px\" y=\"0px\" viewBox=\"0 0 32.5668 32.72995\" style=\"enable-background:new 0 0 32.5668 32.72995;\" xml:space=\"preserve\">\n<g>\n\t\t<line style=\"fill:none;stroke:#2D2884;stroke-width:2;stroke-linecap:square;stroke-linejoin:round;\" x1=\"1.36673\" y1=\"16.04331\" x2=\"30.14183\" y2=\"16.04331\"\/>\n\t\t<line style=\"fill:none;stroke:#2D2884;stroke-width:2;stroke-linecap:square;stroke-linejoin:round;\" x1=\"22.70007\" y1=\"24.54331\" x2=\"30.54679\" y2=\"16.69659\"\/>\n\t\t<line style=\"fill:none;stroke:#2D2884;stroke-width:2;stroke-linecap:square;stroke-linejoin:round;\" x1=\"22.70007\" y1=\"7.54331\" x2=\"31.20007\" y2=\"16.04331\"\/>\n<\/g>\n<\/svg>\n  <\/span>\n\n      <\/a>\n\n    <\/div>\n            <\/div>\n      <\/div>\n\n\n        <div id=\"component-20b3441bd9909fb916273e5f7809ff20\" class=\"component component-hero-text my-5 my-lg-7 my-xxl-9\">\n          <div class=\"container-xl\">\n              <div data-aos=\"fade-up\" data-aos-offset=\"-600\">\n          <h2 class=\"text-center text-h3\"><p>Would you like meet in person?<\/p>\n<\/h2>\n              <div class=\"d-flex flex-wrap gap-3 justify-content-center\">\n                              <div class=\"text-center\">\n                      <a href=\"https:\/\/rt2024.neva.eu\/en\/contact\/\" class=\"btn btn-outline-primary\" target=\"_self\">\n                  Make an appointment\n          <\/a>\n\n            <\/div>\n                        <\/div>\n      <\/div>\n          <\/div>\n      <\/div>\n","protected":false},"excerpt":{"rendered":"","protected":false},"author":1,"featured_media":3364,"parent":0,"menu_order":0,"comment_status":"closed","ping_status":"closed","template":"","meta":{"_acf_changed":false,"inline_featured_image":false,"footnotes":""},"class_list":["post-3764","page","type-page","status-publish","has-post-thumbnail","hentry"],"acf":[],"aioseo_notices":[],"_links":{"self":[{"href":"https:\/\/rt2024.neva.eu\/en\/wp-json\/wp\/v2\/pages\/3764","targetHints":{"allow":["GET"]}}],"collection":[{"href":"https:\/\/rt2024.neva.eu\/en\/wp-json\/wp\/v2\/pages"}],"about":[{"href":"https:\/\/rt2024.neva.eu\/en\/wp-json\/wp\/v2\/types\/page"}],"author":[{"embeddable":true,"href":"https:\/\/rt2024.neva.eu\/en\/wp-json\/wp\/v2\/users\/1"}],"replies":[{"embeddable":true,"href":"https:\/\/rt2024.neva.eu\/en\/wp-json\/wp\/v2\/comments?post=3764"}],"version-history":[{"count":3,"href":"https:\/\/rt2024.neva.eu\/en\/wp-json\/wp\/v2\/pages\/3764\/revisions"}],"predecessor-version":[{"id":4250,"href":"https:\/\/rt2024.neva.eu\/en\/wp-json\/wp\/v2\/pages\/3764\/revisions\/4250"}],"wp:featuredmedia":[{"embeddable":true,"href":"https:\/\/rt2024.neva.eu\/en\/wp-json\/wp\/v2\/media\/3364"}],"wp:attachment":[{"href":"https:\/\/rt2024.neva.eu\/en\/wp-json\/wp\/v2\/media?parent=3764"}],"curies":[{"name":"wp","href":"https:\/\/api.w.org\/{rel}","templated":true}]}}